{"id":669,"date":"2025-07-02T23:42:09","date_gmt":"2025-07-02T23:42:09","guid":{"rendered":"https:\/\/drfuturo.com\/?page_id=669"},"modified":"2026-04-16T20:12:42","modified_gmt":"2026-04-16T20:12:42","slug":"about","status":"publish","type":"page","link":"https:\/\/drfuturo.com\/es\/about\/","title":{"rendered":"Acerca de"},"content":{"rendered":"<p><strong>\u00bfQu\u00e9 despierta tu curiosidad: la pr\u00f3xima aplicaci\u00f3n imprescindible, una plataforma de la que todo el mundo habla o una nueva forma de disfrutar del entretenimiento?<\/strong> En <strong>Dr. Futuro<\/strong>Convertimos esa curiosidad en claridad. Nuestra misi\u00f3n es simple: ayudarte a descubrir, comprender y desenvolverte con confianza en el mundo digital en constante evoluci\u00f3n.<\/p>\n\n\n\n<p>Sabemos lo abrumador que puede resultar estar al d\u00eda con las constantes actualizaciones, los nuevos lanzamientos y las tendencias cambiantes en aplicaciones, plataformas y espacios de entretenimiento. Por eso creamos Dr Futuro: un lugar donde la informaci\u00f3n no solo se recopila, sino que se selecciona, organiza y explica de forma clara y comprensible.<\/p>\n\n\n\n<p>Aqu\u00ed, no solo te desplazas por el contenido, sino que exploras informaci\u00f3n valiosa dise\u00f1ada para ahorrarte tiempo y ayudarte a tomar mejores decisiones. Ya sea que est\u00e9s investigando una plataforma, descubriendo una aplicaci\u00f3n de moda o simplemente buscando algo nuevo que probar, te guiamos con informaci\u00f3n relevante, accesible y estructurada.<\/p>\n\n\n\n<h2 class=\"wp-block-heading\">Qu\u00e9 hacemos (y por qu\u00e9 es importante)<\/h2>\n\n\n\n<p>En Dr Futuro, nos centramos en ofrecer <strong>Informaci\u00f3n clara, pr\u00e1ctica y bien documentada.<\/strong> Nuestro contenido abarca diversos nichos, como aplicaciones, plataformas digitales, herramientas en l\u00ednea y experiencias de entretenimiento, siempre con el objetivo de mantenerte informado sin distracciones innecesarias.<\/p>\n\n\n\n<p>No seguimos las tendencias a ciegas. En cambio, analizamos lo que est\u00e1 llamando la atenci\u00f3n, verificamos la informaci\u00f3n disponible en fuentes oficiales y la presentamos de una manera que te ayude a comprender lo que realmente importa.<\/p>\n\n\n\n<p>As\u00ed es como abordamos nuestro trabajo:<\/p>\n\n\n\n<ul>\n<li><strong>Simplificamos la complejidad<\/strong><br>Las plataformas y servicios digitales suelen tener funciones confusas, actualizaciones constantes y un valor poco claro. Te explicamos c\u00f3mo funcionan, qu\u00e9 ofrecen y c\u00f3mo evolucionan, para que no tengas que averiguarlo por tu cuenta.<\/li>\n\n\n\n<li><strong>Priorizamos la relevancia sobre el volumen.<\/strong><br>No todo merece tu atenci\u00f3n. Filtramos la informaci\u00f3n disponible y destacamos lo que es realmente \u00fatil, est\u00e1 de moda o vale la pena saber, para que puedas centrarte en lo que se ajusta a tus intereses.<\/li>\n\n\n\n<li><strong>Nos basamos en fuentes oficiales y p\u00fablicas.<\/strong><br>Toda la informaci\u00f3n que presentamos se basa en datos disponibles a trav\u00e9s de canales oficiales o fuentes p\u00fablicas verificadas. Esto garantiza que lo que usted lea se fundamenta en informaci\u00f3n real y verificable, no en especulaciones.<\/li>\n\n\n\n<li><strong>Nos mantenemos independientes<\/strong><br>Nuestro contenido se crea sin la influencia de las empresas, plataformas o servicios que mencionamos. Esa independencia nos permite centrarnos en lo que realmente importa: informarte.<\/li>\n<\/ul>\n\n\n\n<p>En definitiva, nuestro objetivo es ayudarte a comprender el vertiginoso panorama digital, sin que pierdas el tiempo.<\/p>\n\n\n\n<h2 class=\"wp-block-heading\">Lo que encontrar\u00e1s en Dr. Futuro<\/h2>\n\n\n\n<p>Dr Futuro se ha dise\u00f1ado para ser flexible, din\u00e1mico y estar en constante evoluci\u00f3n, al igual que el mundo digital que abarca. En lugar de centrarnos en un solo nicho, exploramos m\u00faltiples categor\u00edas que se entrelazan con las experiencias digitales cotidianas.<\/p>\n\n\n\n<p>Aqu\u00ed tienes un vistazo m\u00e1s de cerca a lo que puedes esperar:<\/p>\n\n\n\n<ul>\n<li><strong>Aplicaciones y herramientas digitales<\/strong><br>Exploramos aplicaciones emergentes y consolidadas, explicando qu\u00e9 hacen, c\u00f3mo funcionan y qu\u00e9 las hace relevantes. Ya sean herramientas de productividad, entretenimiento o utilidad, te ayudamos a comprender su papel en tu rutina diaria.<\/li>\n\n\n\n<li><strong>Plataformas y servicios<\/strong><br>Desde entornos de streaming hasta plataformas interactivas, analizamos c\u00f3mo funcionan los diferentes servicios, qu\u00e9 ofrecen y c\u00f3mo se comparan en t\u00e9rminos de funcionalidad y experiencia de usuario.<\/li>\n\n\n\n<li><strong>Entretenimiento y tendencias<\/strong><br>El mundo del entretenimiento evoluciona r\u00e1pidamente, y nosotros nos mantenemos al tanto de las \u00faltimas tendencias. Analizamos las tendencias, los formatos y las experiencias que est\u00e1n ganando popularidad, para que est\u00e9s siempre al d\u00eda.<\/li>\n\n\n\n<li><strong>Gu\u00edas y contenido informativo<\/strong><br>M\u00e1s all\u00e1 del descubrimiento, proporcionamos explicaciones estructuradas que le ayudan a explorar las funciones, comprender las actualizaciones e interpretar los cambios en las distintas plataformas y servicios.<\/li>\n<\/ul>\n\n\n\n<p>Cada art\u00edculo est\u00e1 dise\u00f1ado para responder a una pregunta sencilla: <em>\u201c\u00bfQu\u00e9 significa esto para ti?\u201d<\/em><br>Porque la informaci\u00f3n solo importa cuando es \u00fatil.<\/p>\n\n\n\n<h2 class=\"wp-block-heading\">Transparencia, independencia y monetizaci\u00f3n<\/h2>\n\n\n\n<p>Creemos que la confianza nace de la transparencia. Por eso, somos claros sobre c\u00f3mo funciona Dr Futuro y c\u00f3mo mantenemos la plataforma.<\/p>\n\n\n\n<p>El Dr. Futuro es un <strong>portal informativo<\/strong>No vendemos, promocionamos ni proporcionamos productos o servicios directamente. Nuestra funci\u00f3n es presentar y organizar informaci\u00f3n sobre las ofertas existentes disponibles a trav\u00e9s de los canales oficiales.<\/p>\n\n\n\n<p>Para mantener la plataforma accesible y de uso gratuito, dependemos de <strong>sistemas publicitarios como Google AdSense<\/strong>Esto nos permite financiar el alojamiento web, la investigaci\u00f3n y el trabajo editorial sin cobrar a nuestros lectores.<\/p>\n\n\n\n<p>Esto es lo que significa para usted:<\/p>\n\n\n\n<ul>\n<li>Nosotros <strong>no controlamos los productos o servicios anunciados<\/strong><\/li>\n\n\n\n<li>Nosotros <strong>No vendemos datos de usuarios.<\/strong><\/li>\n\n\n\n<li>Nosotros <strong>No aceptamos anuncios pagados que influyan en nuestro contenido editorial.<\/strong><\/li>\n<\/ul>\n\n\n\n<p>La publicidad ayuda a mantener la plataforma en funcionamiento, pero nunca define lo que escribimos ni c\u00f3mo presentamos la informaci\u00f3n.<\/p>\n\n\n\n<h2 class=\"wp-block-heading\">Aviso legal<\/h2>\n\n\n\n<p>Dr. Futuro funciona exclusivamente como plataforma informativa. Si bien nos esforzamos por brindar contenido preciso y actualizado, es importante comprender el alcance y las limitaciones de nuestra responsabilidad.<\/p>\n\n\n\n<ul>\n<li>Somos <strong>no est\u00e1 afiliado a ninguna empresa, plataforma o servicio.<\/strong> mencionado en este sitio<\/li>\n\n\n\n<li>Nosotros <strong>no son propietarios, ni operan ni gestionan<\/strong> cualquiera de los productos o servicios mencionados<\/li>\n\n\n\n<li>Nosotros <strong>No garantizamos la disponibilidad, la exactitud ni la continuidad.<\/strong> de ofertas de terceros<\/li>\n<\/ul>\n\n\n\n<p>Los productos y servicios digitales pueden cambiar en cualquier momento. Sus funciones pueden actualizarse, eliminarse o interrumpirse sin previo aviso por parte de sus respectivos proveedores.<\/p>\n\n\n\n<p>Debido a esto:<\/p>\n\n\n\n<ul>\n<li>Somos <strong>no se responsabiliza de los servicios que se interrumpan o modifiquen<\/strong><\/li>\n\n\n\n<li>Somos <strong>No nos hacemos responsables de los cambios en los precios, la disponibilidad o la funcionalidad.<\/strong><\/li>\n\n\n\n<li>Le recomendamos que siempre verifique la informaci\u00f3n directamente a trav\u00e9s de los canales oficiales antes de tomar decisiones.<\/li>\n<\/ul>\n\n\n\n<p>Si detecta informaci\u00f3n desactualizada o incorrecta, le animamos a que se ponga en contacto con nosotros para que podamos revisar y actualizar nuestro contenido.<\/p>\n\n\n\n<h2 class=\"wp-block-heading\">Derechos de autor y propiedad intelectual<\/h2>\n\n\n\n<p>El respeto a la propiedad intelectual es un principio fundamental en Dr Futuro.<\/p>\n\n\n\n<p>Todo el contenido original publicado en este sitio \u2014incluidos el texto, la estructura y los elementos de dise\u00f1o\u2014 est\u00e1 protegido por derechos de autor. Queda prohibida su reproducci\u00f3n, distribuci\u00f3n o modificaci\u00f3n sin autorizaci\u00f3n previa.<\/p>\n\n\n\n<p>Al mismo tiempo, reconocemos y respetamos los derechos de terceros:<\/p>\n\n\n\n<ul>\n<li><strong>Logotipos, marcas registradas y nombres de marca<\/strong> Los mencionados pertenecen a sus respectivos propietarios.<\/li>\n\n\n\n<li><strong>Im\u00e1genes o referencias a materiales externos<\/strong> Se utilizan estrictamente con fines informativos y editoriales.<\/li>\n\n\n\n<li>Nuestro objetivo es <strong>Atribuir el cr\u00e9dito a las fuentes adecuadamente<\/strong> siempre que sea aplicable<\/li>\n<\/ul>\n\n\n\n<p>El uso que hacemos de material de terceros se ajusta a los principios est\u00e1ndar de uso leg\u00edtimo, con la intenci\u00f3n de informar, no de infringir derechos de autor.<\/p>\n\n\n\n<p>Si usted es titular de derechos y cree que alg\u00fan contenido de Dr Futuro infringe sus derechos de autor, p\u00f3ngase en contacto con nosotros. Nos tomamos estos asuntos muy en serio y revisaremos y atenderemos cualquier queja v\u00e1lida con prontitud.<\/p>\n\n\n\n<h2 class=\"wp-block-heading\">Manteni\u00e9ndonos fieles a nuestro prop\u00f3sito<\/h2>\n\n\n\n<p>El mundo digital no se detiene, y nosotros tampoco.<\/p>\n\n\n\n<p>En Dr Futuro, nos mantenemos fieles a una idea: <strong>Haciendo que la informaci\u00f3n sea m\u00e1s f\u00e1cil, clara y \u00fatil para usted.<\/strong>Nuestro objetivo no es abrumarte con datos, sino guiarte a trav\u00e9s de ellos.<\/p>\n\n\n\n<p>Cada art\u00edculo, gu\u00eda y actualizaci\u00f3n se elabora teniendo en cuenta tu experiencia, para ayudarte a explorar, comprender y mantenerte a la vanguardia en un \u00e1mbito en constante cambio.<\/p>\n\n\n\n<p>Porque en un mundo lleno de ruido, la claridad no solo es \u00fatil, sino esencial.<\/p>","protected":false},"excerpt":{"rendered":"<p>What drives your curiosity\u2014the next must-have app, a platform everyone\u2019s talking about, or a new way to experience entertainment? At Dr Futuro, we turn that curiosity into clarity. Our mission is simple: help you discover, understand, and navigate the ever-evolving digital world with confidence. We know how overwhelming it can feel to keep up with [&hellip;]<\/p>","protected":false},"author":255,"featured_media":0,"parent":0,"menu_order":0,"comment_status":"closed","ping_status":"closed","template":"","meta":{"_uag_custom_page_level_css":"","site-sidebar-layout":"default","site-content-layout":"","ast-site-content-layout":"default","site-content-style":"default","site-sidebar-style":"default","ast-global-header-display":"","ast-banner-title-visibility":"","ast-main-header-display":"","ast-hfb-above-header-display":"","ast-hfb-below-header-display":"","ast-hfb-mobile-header-display":"","site-post-title":"","ast-breadcrumbs-content":"","ast-featured-img":"","footer-sml-layout":"","theme-transparent-header-meta":"","adv-header-id-meta":"","stick-header-meta":"","header-above-stick-meta":"","header-main-stick-meta":"","header-below-stick-meta":"","astra-migrate-meta-layouts":"set","ast-page-background-enabled":"default","ast-page-background-meta":{"desktop":{"background-color":"var(--ast-global-color-4)","background-image":"","background-repeat":"repeat","background-position":"center center","background-size":"auto","background-attachment":"scroll","background-type":"","background-media":"","overlay-type":"","overlay-color":"","overlay-opacity":"","overlay-gradient":""},"tablet":{"background-color":"","background-image":"","background-repeat":"repeat","background-position":"center center","background-size":"auto","background-attachment":"scroll","background-type":"","background-media":"","overlay-type":"","overlay-color":"","overlay-opacity":"","overlay-gradient":""},"mobile":{"background-color":"","background-image":"","background-repeat":"repeat","background-position":"center center","background-size":"auto","background-attachment":"scroll","background-type":"","background-media":"","overlay-type":"","overlay-color":"","overlay-opacity":"","overlay-gradient":""}},"ast-content-background-meta":{"desktop":{"background-color":"var(--ast-global-color-5)","background-image":"","background-repeat":"repeat","background-position":"center center","background-size":"auto","background-attachment":"scroll","background-type":"","background-media":"","overlay-type":"","overlay-color":"","overlay-opacity":"","overlay-gradient":""},"tablet":{"background-color":"var(--ast-global-color-5)","background-image":"","background-repeat":"repeat","background-position":"center center","background-size":"auto","background-attachment":"scroll","background-type":"","background-media":"","overlay-type":"","overlay-color":"","overlay-opacity":"","overlay-gradient":""},"mobile":{"background-color":"var(--ast-global-color-5)","background-image":"","background-repeat":"repeat","background-position":"center center","background-size":"auto","background-attachment":"scroll","background-type":"","background-media":"","overlay-type":"","overlay-color":"","overlay-opacity":"","overlay-gradient":""}},"footnotes":""},"yoast_head":"<!-- This site is optimized with the Yoast SEO plugin v23.3 - https:\/\/yoast.com\/wordpress\/plugins\/seo\/ -->\n<title>About - DrFuturo<\/title>\n<meta name=\"robots\" content=\"index, follow, max-snippet:-1, max-image-preview:large, max-video-preview:-1\" \/>\n<link rel=\"canonical\" href=\"https:\/\/drfuturo.com\/es\/about\/\" \/>\n<meta property=\"og:locale\" content=\"es_MX\" \/>\n<meta property=\"og:type\" content=\"article\" \/>\n<meta property=\"og:title\" content=\"About - DrFuturo\" \/>\n<meta property=\"og:description\" content=\"What drives your curiosity\u2014the next must-have app, a platform everyone\u2019s talking about, or a new way to experience entertainment? At Dr Futuro, we turn that curiosity into clarity. Our mission is simple: help you discover, understand, and navigate the ever-evolving digital world with confidence. We know how overwhelming it can feel to keep up with [&hellip;]\" \/>\n<meta property=\"og:url\" content=\"https:\/\/drfuturo.com\/es\/about\/\" \/>\n<meta property=\"og:site_name\" content=\"DrFuturo\" \/>\n<meta property=\"article:modified_time\" content=\"2026-04-16T20:12:42+00:00\" \/>\n<meta name=\"twitter:card\" content=\"summary_large_image\" \/>\n<meta name=\"twitter:label1\" content=\"Est. reading time\" \/>\n\t<meta name=\"twitter:data1\" content=\"5 minutos\" \/>\n<script type=\"application\/ld+json\" class=\"yoast-schema-graph\">{\"@context\":\"https:\/\/schema.org\",\"@graph\":[{\"@type\":\"WebPage\",\"@id\":\"https:\/\/drfuturo.com\/about\/\",\"url\":\"https:\/\/drfuturo.com\/about\/\",\"name\":\"About - DrFuturo\",\"isPartOf\":{\"@id\":\"https:\/\/drfuturo.com\/#website\"},\"datePublished\":\"2025-07-02T23:42:09+00:00\",\"dateModified\":\"2026-04-16T20:12:42+00:00\",\"breadcrumb\":{\"@id\":\"https:\/\/drfuturo.com\/about\/#breadcrumb\"},\"inLanguage\":\"es-MX\",\"potentialAction\":[{\"@type\":\"ReadAction\",\"target\":[\"https:\/\/drfuturo.com\/about\/\"]}]},{\"@type\":\"BreadcrumbList\",\"@id\":\"https:\/\/drfuturo.com\/about\/#breadcrumb\",\"itemListElement\":[{\"@type\":\"ListItem\",\"position\":1,\"name\":\"Home\",\"item\":\"https:\/\/drfuturo.com\/\"},{\"@type\":\"ListItem\",\"position\":2,\"name\":\"About\"}]},{\"@type\":\"WebSite\",\"@id\":\"https:\/\/drfuturo.com\/#website\",\"url\":\"https:\/\/drfuturo.com\/\",\"name\":\"DrFuturo\",\"description\":\"\",\"publisher\":{\"@id\":\"https:\/\/drfuturo.com\/#organization\"},\"potentialAction\":[{\"@type\":\"SearchAction\",\"target\":{\"@type\":\"EntryPoint\",\"urlTemplate\":\"https:\/\/drfuturo.com\/?s={search_term_string}\"},\"query-input\":\"required name=search_term_string\"}],\"inLanguage\":\"es-MX\"},{\"@type\":\"Organization\",\"@id\":\"https:\/\/drfuturo.com\/#organization\",\"name\":\"DrFuturo\",\"url\":\"https:\/\/drfuturo.com\/\",\"logo\":{\"@type\":\"ImageObject\",\"inLanguage\":\"es-MX\",\"@id\":\"https:\/\/drfuturo.com\/#\/schema\/logo\/image\/\",\"url\":\"https:\/\/drfuturo.com\/wp-content\/uploads\/sites\/397\/2025\/07\/Logodr-.svg\",\"contentUrl\":\"https:\/\/drfuturo.com\/wp-content\/uploads\/sites\/397\/2025\/07\/Logodr-.svg\",\"caption\":\"DrFuturo\"},\"image\":{\"@id\":\"https:\/\/drfuturo.com\/#\/schema\/logo\/image\/\"}}]}<\/script>\n<!-- \/ Yoast SEO plugin. -->","yoast_head_json":{"title":"About - DrFuturo","robots":{"index":"index","follow":"follow","max-snippet":"max-snippet:-1","max-image-preview":"max-image-preview:large","max-video-preview":"max-video-preview:-1"},"canonical":"https:\/\/drfuturo.com\/es\/about\/","og_locale":"es_MX","og_type":"article","og_title":"About - DrFuturo","og_description":"What drives your curiosity\u2014the next must-have app, a platform everyone\u2019s talking about, or a new way to experience entertainment? At Dr Futuro, we turn that curiosity into clarity. Our mission is simple: help you discover, understand, and navigate the ever-evolving digital world with confidence. We know how overwhelming it can feel to keep up with [&hellip;]","og_url":"https:\/\/drfuturo.com\/es\/about\/","og_site_name":"DrFuturo","article_modified_time":"2026-04-16T20:12:42+00:00","twitter_card":"summary_large_image","twitter_misc":{"Est. reading time":"5 minutos"},"schema":{"@context":"https:\/\/schema.org","@graph":[{"@type":"WebPage","@id":"https:\/\/drfuturo.com\/about\/","url":"https:\/\/drfuturo.com\/about\/","name":"About - DrFuturo","isPartOf":{"@id":"https:\/\/drfuturo.com\/#website"},"datePublished":"2025-07-02T23:42:09+00:00","dateModified":"2026-04-16T20:12:42+00:00","breadcrumb":{"@id":"https:\/\/drfuturo.com\/about\/#breadcrumb"},"inLanguage":"es-MX","potentialAction":[{"@type":"ReadAction","target":["https:\/\/drfuturo.com\/about\/"]}]},{"@type":"BreadcrumbList","@id":"https:\/\/drfuturo.com\/about\/#breadcrumb","itemListElement":[{"@type":"ListItem","position":1,"name":"Home","item":"https:\/\/drfuturo.com\/"},{"@type":"ListItem","position":2,"name":"About"}]},{"@type":"WebSite","@id":"https:\/\/drfuturo.com\/#website","url":"https:\/\/drfuturo.com\/","name":"DrFuturo","description":"","publisher":{"@id":"https:\/\/drfuturo.com\/#organization"},"potentialAction":[{"@type":"SearchAction","target":{"@type":"EntryPoint","urlTemplate":"https:\/\/drfuturo.com\/?s={search_term_string}"},"query-input":"required name=search_term_string"}],"inLanguage":"es-MX"},{"@type":"Organization","@id":"https:\/\/drfuturo.com\/#organization","name":"DrFuturo","url":"https:\/\/drfuturo.com\/","logo":{"@type":"ImageObject","inLanguage":"es-MX","@id":"https:\/\/drfuturo.com\/#\/schema\/logo\/image\/","url":"https:\/\/drfuturo.com\/wp-content\/uploads\/sites\/397\/2025\/07\/Logodr-.svg","contentUrl":"https:\/\/drfuturo.com\/wp-content\/uploads\/sites\/397\/2025\/07\/Logodr-.svg","caption":"DrFuturo"},"image":{"@id":"https:\/\/drfuturo.com\/#\/schema\/logo\/image\/"}}]}},"uagb_featured_image_src":{"full":false,"thumbnail":false,"medium":false,"medium_large":false,"large":false,"1536x1536":false,"2048x2048":false,"trp-custom-language-flag":false},"uagb_author_info":{"display_name":"cristiobaldissera","author_link":"https:\/\/drfuturo.com\/es\/author\/cristiobaldissera\/"},"uagb_comment_info":0,"uagb_excerpt":"What drives your curiosity\u2014the next must-have app, a platform everyone\u2019s talking about, or a new way to experience entertainment? At Dr Futuro, we turn that curiosity into clarity. Our mission is simple: help you discover, understand, and navigate the ever-evolving digital world with confidence. We know how overwhelming it can feel to keep up with&hellip;","_links":{"self":[{"href":"https:\/\/drfuturo.com\/es\/wp-json\/wp\/v2\/pages\/669"}],"collection":[{"href":"https:\/\/drfuturo.com\/es\/wp-json\/wp\/v2\/pages"}],"about":[{"href":"https:\/\/drfuturo.com\/es\/wp-json\/wp\/v2\/types\/page"}],"author":[{"embeddable":true,"href":"https:\/\/drfuturo.com\/es\/wp-json\/wp\/v2\/users\/255"}],"replies":[{"embeddable":true,"href":"https:\/\/drfuturo.com\/es\/wp-json\/wp\/v2\/comments?post=669"}],"version-history":[{"count":6,"href":"https:\/\/drfuturo.com\/es\/wp-json\/wp\/v2\/pages\/669\/revisions"}],"predecessor-version":[{"id":20165,"href":"https:\/\/drfuturo.com\/es\/wp-json\/wp\/v2\/pages\/669\/revisions\/20165"}],"wp:attachment":[{"href":"https:\/\/drfuturo.com\/es\/wp-json\/wp\/v2\/media?parent=669"}],"curies":[{"name":"wp","href":"https:\/\/api.w.org\/{rel}","templated":true}]}}