{"id":429,"date":"2025-06-18T12:39:27","date_gmt":"2025-06-18T12:39:27","guid":{"rendered":"https:\/\/new.drfuturo.com\/home-2\/"},"modified":"2025-06-18T12:39:31","modified_gmt":"2025-06-18T12:39:31","slug":"home-2","status":"publish","type":"page","link":"https:\/\/drfuturo.com\/pt\/home-2\/","title":{"rendered":"Lar"},"content":{"rendered":"<div class=\"wp-block-uagb-container uagb-block-a28347b6 alignfull uagb-is-root-container\"><div class=\"uagb-container-inner-blocks-wrap\">\n<div class=\"wp-block-uagb-info-box uagb-block-6357f7e6 uagb-infobox__content-wrap  uagb-infobox-icon-above-title uagb-infobox-image-valign-top wp-block-uagb-info-box--has-margin\"><div class=\"uagb-infobox-margin-wrapper\"><div class=\"uagb-ifb-content\"><div class=\"uagb-ifb-title-wrap\"><h1 class=\"uagb-ifb-title\">Assuma o controle do seu neg\u00f3cio com nosso coaching de classe mundial<\/h1><\/div><div class=\"uagb-ifb-button-wrapper wp-block-button\"><a href=\"#\" class=\"uagb-infobox-cta-link wp-block-button__link\" target=\"_self\" rel=\"noopener noreferrer\" onclick=\"return false;\"><span class=\"uagb-inline-editing\">consulta de livros<\/span><\/a><\/div><\/div><\/div><\/div>\n<\/div><\/div>\n\n\n\n<div class=\"wp-block-uagb-container uagb-block-06fffa5e alignfull uagb-is-root-container\"><div class=\"uagb-container-inner-blocks-wrap\">\n<div class=\"wp-block-uagb-advanced-heading uagb-block-e57efb3a\"><h2 class=\"uagb-heading-text\">Ajudamos equipes a construir um neg\u00f3cio de<br>seus sonhos com nossos servi\u00e7os.<\/h2><\/div>\n\n\n\n<div class=\"wp-block-uagb-container uagb-layout-grid uagb-block-20f60053 alignfull uagb-is-root-container\"><div class=\"uagb-container-inner-blocks-wrap\">\n<div class=\"wp-block-uagb-info-box uagb-block-c4764eda uagb-infobox__content-wrap  uagb-infobox-icon-above-title uagb-infobox-image-valign-top wp-block-uagb-info-box--has-margin\"><div class=\"uagb-infobox-margin-wrapper\"><div class=\"uagb-ifb-content\"><div class=\"uagb-ifb-title-wrap\"><h4 class=\"uagb-ifb-title\">Identificar metas<\/h4><\/div><p class=\"uagb-ifb-desc\">Trabalhamos em estreita colabora\u00e7\u00e3o com voc\u00ea para entender e identificar seus objetivos de neg\u00f3cios que podem ser convertidos em um plano acion\u00e1vel.<\/p><\/div><\/div><\/div>\n\n\n\n<div class=\"wp-block-uagb-info-box uagb-block-b3afdc8c uagb-infobox__content-wrap  uagb-infobox-icon-above-title uagb-infobox-image-valign-top wp-block-uagb-info-box--has-margin\"><div class=\"uagb-infobox-margin-wrapper\"><div class=\"uagb-ifb-content\"><div class=\"uagb-ifb-title-wrap\"><h4 class=\"uagb-ifb-title\">D\u00ea vida \u00e0s ideias<\/h4><\/div><p class=\"uagb-ifb-desc\">As ideias e planos que elaboramos ser\u00e3o ent\u00e3o concretizados. Ajudamos e orientamos voc\u00ea a dar o primeiro passo e a colocar tudo em pr\u00e1tica.<\/p><\/div><\/div><\/div>\n\n\n\n<div class=\"wp-block-uagb-info-box uagb-block-f7c8e088 uagb-infobox__content-wrap  uagb-infobox-icon-above-title uagb-infobox-image-valign-top wp-block-uagb-info-box--has-margin\"><div class=\"uagb-infobox-margin-wrapper\"><div class=\"uagb-ifb-content\"><div class=\"uagb-ifb-title-wrap\"><h4 class=\"uagb-ifb-title\">Expans\u00e3o de neg\u00f3cios<\/h4><\/div><p class=\"uagb-ifb-desc\">Abrir um neg\u00f3cio n\u00e3o basta. Ajudamos voc\u00ea a pensar no futuro e incentivamos voc\u00ea a expandir seus neg\u00f3cios com um plano completo.<br><a href=\"https:\/\/websitedemos.net\/professional-services-02\/?customize_changeset_uuid=d8b36c07-94c8-45b3-8f93-173af52981d1&amp;customize_theme=astra&amp;customize_messenger_channel=preview-0#\"><\/a><\/p><\/div><\/div><\/div>\n<\/div><\/div>\n\n\n\n<div class=\"wp-block-uagb-buttons uagb-buttons__outer-wrap uagb-btn__default-btn uagb-btn-tablet__default-btn uagb-btn-mobile__default-btn uagb-block-d217accb\"><div class=\"uagb-buttons__wrap uagb-buttons-layout-wrap\">\n<div class=\"wp-block-uagb-buttons-child uagb-buttons__outer-wrap uagb-block-f3801224 wp-block-button\"><div class=\"uagb-button__wrapper\"><a class=\"uagb-buttons-repeater wp-block-button__link\" aria-label=\"\" href=\"#\" rel=\"follow noopener\" target=\"_self\" role=\"button\"><div class=\"uagb-button__link\">ver todos os servi\u00e7os<\/div><\/a><\/div><\/div>\n<\/div><\/div>\n<\/div><\/div>\n\n\n\n<div class=\"wp-block-uagb-container uagb-block-5a9ca893 alignfull uagb-is-root-container\"><div class=\"uagb-container-inner-blocks-wrap\">\n<div class=\"wp-block-uagb-container uagb-layout-grid uagb-block-a68b7546 alignfull uagb-is-root-container\"><div class=\"uagb-container-inner-blocks-wrap\">\n<div class=\"wp-block-uagb-image uagb-block-b654844f wp-block-uagb-image--layout-default wp-block-uagb-image--effect-static wp-block-uagb-image--align-none\"><figure class=\"wp-block-uagb-image__figure\"><img decoding=\"async\" srcset=\"https:\/\/new.drfuturo.com\/wp-content\/uploads\/sites\/397\/2021\/05\/home-about-img.jpg , https:\/\/new.drfuturo.com\/wp-content\/uploads\/sites\/397\/2021\/05\/home-about-img.jpg 360w\" sizes=\"(max-width: 480px) 150px\" src=\"https:\/\/new.drfuturo.com\/wp-content\/uploads\/sites\/397\/2021\/05\/home-about-img.jpg\" alt=\"\" class=\"uag-image-80\" width=\"600\" height=\"480\" title=\"\" loading=\"lazy\" role=\"img\"\/><\/figure><\/div>\n\n\n\n<div class=\"wp-block-uagb-info-box uagb-block-87795900 uagb-infobox__content-wrap  uagb-infobox-icon-above-title uagb-infobox-image-valign-top\"><div class=\"uagb-ifb-content\"><div class=\"uagb-ifb-title-wrap\"><h4 class=\"uagb-ifb-title-prefix\">Confie em n\u00f3s<\/h4><h2 class=\"uagb-ifb-title\">Estamos aqui para ajudar!<\/h2><\/div><p class=\"uagb-ifb-desc\">Se voc\u00ea procura um coach de neg\u00f3cios confi\u00e1vel com quem possa compartilhar seus pensamentos e obter os melhores conselhos empresariais que procura, estamos aqui. Com 10 anos de experi\u00eancia em ajudar empresas a crescer, dominamos as habilidades de estudar o mercado para voc\u00ea e ajud\u00e1-lo a lidar com as \u00faltimas tend\u00eancias que levar\u00e3o seu neg\u00f3cio ao pr\u00f3ximo n\u00edvel.<\/p><\/div><\/div>\n<\/div><\/div>\n\n\n\n<div class=\"wp-block-uagb-container uagb-block-1e5666b6 alignfull uagb-is-root-container\"><div class=\"uagb-container-inner-blocks-wrap\">\n<div class=\"wp-block-uagb-container uagb-block-143aa814\">\n<div class=\"wp-block-uagb-info-box uagb-block-2f1011f5 uagb-infobox__content-wrap  uagb-infobox-icon-above-title uagb-infobox-image-valign-top wp-block-uagb-info-box--has-margin\"><div class=\"uagb-infobox-margin-wrapper\"><div class=\"uagb-ifb-content\"><div class=\"uagb-ifb-title-wrap\"><h2 class=\"uagb-ifb-title\">Por que nos escolher?<\/h2><\/div><p class=\"uagb-ifb-desc\">Somos uma empresa com vasta experi\u00eancia <br>profissionais com mentes mais jovens.<\/p><\/div><\/div><\/div>\n\n\n\n<div class=\"wp-block-uagb-info-box uagb-block-81527bc7 uagb-infobox__content-wrap  uagb-infobox-icon-above-title uagb-infobox-image-valign-top wp-block-uagb-info-box--has-margin\"><div class=\"uagb-infobox-margin-wrapper\"><div class=\"uagb-ifb-content\"><div class=\"uagb-ifb-title-wrap\"><h5 class=\"uagb-ifb-title-prefix\">Paix\u00e3o e Compromisso<\/h5><h5 class=\"uagb-ifb-title\">Honestidade e Abertura<\/h5><\/div><\/div><\/div><\/div>\n\n\n\n<div class=\"wp-block-uagb-info-box uagb-block-c446901a uagb-infobox__content-wrap  uagb-infobox-icon-above-title uagb-infobox-image-valign-top wp-block-uagb-info-box--has-margin\"><div class=\"uagb-infobox-margin-wrapper\"><div class=\"uagb-ifb-content\"><div class=\"uagb-ifb-title-wrap\"><h5 class=\"uagb-ifb-title-prefix\">Equipe dedicada<\/h5><h5 class=\"uagb-ifb-title\">Abordagem Pr\u00e1tica<\/h5><\/div><\/div><\/div><\/div>\n<\/div>\n\n\n\n<div class=\"wp-block-uagb-container uagb-block-ca16f42f\">\n<div class=\"wp-block-uagb-image uagb-block-0d694567 wp-block-uagb-image--layout-default wp-block-uagb-image--effect-static wp-block-uagb-image--align-none\"><figure class=\"wp-block-uagb-image__figure\"><img decoding=\"async\" srcset=\"https:\/\/new.drfuturo.com\/wp-content\/uploads\/sites\/397\/2021\/05\/why-choose-us.jpg , https:\/\/new.drfuturo.com\/wp-content\/uploads\/sites\/397\/2021\/05\/why-choose-us.jpg 360w\" sizes=\"(max-width: 480px) 150px\" src=\"https:\/\/new.drfuturo.com\/wp-content\/uploads\/sites\/397\/2021\/05\/why-choose-us.jpg\" alt=\"\" class=\"uag-image-85\" width=\"600\" height=\"480\" title=\"\" loading=\"lazy\" role=\"img\"\/><\/figure><\/div>\n<\/div>\n<\/div><\/div>\n<\/div><\/div>\n\n\n\n<div class=\"wp-block-uagb-container uagb-block-1b6bd656 alignfull uagb-is-root-container\"><div class=\"uagb-container-inner-blocks-wrap\">\n<div class=\"wp-block-uagb-advanced-heading uagb-block-b1a821ee\"><h2 class=\"uagb-heading-text\">Confi\u00e1vel por l\u00edderes<\/h2><\/div>\n\n\n\n<div class=\"wp-block-uagb-container uagb-layout-grid uagb-block-9d557470 alignfull uagb-is-root-container\"><div class=\"uagb-container-inner-blocks-wrap\">\n<div class=\"wp-block-uagb-testimonial uagb-slick-carousel uagb-tm__arrow-outside uagb-block-45cb3e54 uagb-post__carousel_notset uagb-post__carousel_notset-tablet uagb-post__carousel_notset-mobile\"><div class=\"is-carousel uagb-tm__columns-1 uagb-tm__items\"><div class=\"uagb-testimonial__wrap  uagb-tm__imgicon-style-circle uagb-tm__image-position-bottom uagb-tm__bg-type-none\"><div class=\"uagb-tm__content\"><div class=\"uagb-tm__overlay\"><\/div><div class=\"uagb-tm__text-wrap\"><div class=\"uagb-tm__desc\">Diam, urna, ornare leo facilisis suspende disse eu rutrum id cursus tincidunt nisl eget ornare pharetra ac pharetra.<\/div><div class=\"uagb-tm__meta-inner\"><div class=\"uagb-tm__image-content\"><div class=\"uagb-tm__image\"><img decoding=\"async\" class=\"uagb-tm-img-src\" src=\"https:\/\/websitedemos.net\/professional-services-08\/wp-content\/uploads\/sites\/856\/2021\/05\/customer-3-150x150.jpg\" alt=\"\" width=\"50\" height=\"50\" loading=\"lazy\"\/><\/div><\/div><div class=\"uagb-testimonial-details\"><span class=\"uagb-tm__author-name\">Priscila Markus\u200b<\/span><span class=\"uagb-tm__company\">nome da empresa<\/span><\/div><\/div><\/div><\/div><\/div><\/div><\/div>\n\n\n\n<div class=\"wp-block-uagb-testimonial uagb-slick-carousel uagb-tm__arrow-outside uagb-block-cc4d6e5d uagb-post__carousel_notset uagb-post__carousel_notset-tablet uagb-post__carousel_notset-mobile\"><div class=\"is-carousel uagb-tm__columns-1 uagb-tm__items\"><div class=\"uagb-testimonial__wrap  uagb-tm__imgicon-style-circle uagb-tm__image-position-bottom uagb-tm__bg-type-none\"><div class=\"uagb-tm__content\"><div class=\"uagb-tm__overlay\"><\/div><div class=\"uagb-tm__text-wrap\"><div class=\"uagb-tm__desc\">Diam, urna, ornare leo facilisis suspende disse eu rutrum id cursus tincidunt nisl eget ornare pharetra ac pharetra.<\/div><div class=\"uagb-tm__meta-inner\"><div class=\"uagb-tm__image-content\"><div class=\"uagb-tm__image\"><img decoding=\"async\" class=\"uagb-tm-img-src\" src=\"https:\/\/websitedemos.net\/professional-services-08\/wp-content\/uploads\/sites\/856\/2021\/05\/customer-1-150x150.jpg\" alt=\"\" width=\"50\" height=\"50\" loading=\"lazy\"\/><\/div><\/div><div class=\"uagb-testimonial-details\"><span class=\"uagb-tm__author-name\">Kyle Hoffman\u200b<\/span><span class=\"uagb-tm__company\">nome da empresa<\/span><\/div><\/div><\/div><\/div><\/div><\/div><\/div>\n\n\n\n<div class=\"wp-block-uagb-testimonial uagb-slick-carousel uagb-tm__arrow-outside uagb-block-524f7447 uagb-post__carousel_notset uagb-post__carousel_notset-tablet uagb-post__carousel_notset-mobile\"><div class=\"is-carousel uagb-tm__columns-1 uagb-tm__items\"><div class=\"uagb-testimonial__wrap  uagb-tm__imgicon-style-circle uagb-tm__image-position-bottom uagb-tm__bg-type-none\"><div class=\"uagb-tm__content\"><div class=\"uagb-tm__overlay\"><\/div><div class=\"uagb-tm__text-wrap\"><div class=\"uagb-tm__desc\">Diam, urna, ornare leo facilisis suspende disse eu rutrum id cursus tincidunt nisl eget ornare pharetra ac pharetra.<\/div><div class=\"uagb-tm__meta-inner\"><div class=\"uagb-tm__image-content\"><div class=\"uagb-tm__image\"><img decoding=\"async\" class=\"uagb-tm-img-src\" src=\"https:\/\/websitedemos.net\/professional-services-08\/wp-content\/uploads\/sites\/856\/2021\/06\/customer-4-150x150.jpg\" alt=\"\" width=\"50\" height=\"50\" loading=\"lazy\"\/><\/div><\/div><div class=\"uagb-testimonial-details\"><span class=\"uagb-tm__author-name\">Jason Myles<\/span><span class=\"uagb-tm__company\">nome da empresa<\/span><\/div><\/div><\/div><\/div><\/div><\/div><\/div>\n<\/div><\/div>\n\n\n\n<div class=\"wp-block-uagb-container uagb-layout-grid uagb-block-03f12071 alignfull uagb-is-root-container\"><div class=\"uagb-container-inner-blocks-wrap\">\n<div class=\"wp-block-uagb-image alignleft uagb-block-d1c2eae6 wp-block-uagb-image--layout-default wp-block-uagb-image--effect-static wp-block-uagb-image--align-left\"><figure class=\"wp-block-uagb-image__figure\"><img decoding=\"async\" srcset=\"https:\/\/new.drfuturo.com\/wp-content\/uploads\/sites\/397\/2021\/05\/logo-4.svg ,https:\/\/new.drfuturo.com\/wp-content\/uploads\/sites\/397\/2021\/05\/logo-4.svg 780w\" sizes=\"(max-width: 480px) 150px\" src=\"https:\/\/new.drfuturo.com\/wp-content\/uploads\/sites\/397\/2021\/05\/logo-4.svg\" alt=\"\" class=\"uag-image-107\" width=\"180\" height=\"100\" title=\"\" loading=\"lazy\" role=\"img\"\/><\/figure><\/div>\n\n\n\n<div class=\"wp-block-uagb-image alignleft uagb-block-9cb254dd wp-block-uagb-image--layout-default wp-block-uagb-image--effect-static wp-block-uagb-image--align-left\"><figure class=\"wp-block-uagb-image__figure\"><img decoding=\"async\" srcset=\"https:\/\/new.drfuturo.com\/wp-content\/uploads\/sites\/397\/2021\/05\/logo-5.svg \" sizes=\"(max-width: 480px) 150px\" src=\"https:\/\/new.drfuturo.com\/wp-content\/uploads\/sites\/397\/2021\/05\/logo-5.svg\" alt=\"\" class=\"uag-image-108\" width=\"180\" height=\"100\" title=\"\" loading=\"lazy\" role=\"img\"\/><\/figure><\/div>\n\n\n\n<div class=\"wp-block-uagb-image alignleft uagb-block-f12b2191 wp-block-uagb-image--layout-default wp-block-uagb-image--effect-static wp-block-uagb-image--align-left\"><figure class=\"wp-block-uagb-image__figure\"><img decoding=\"async\" srcset=\"https:\/\/new.drfuturo.com\/wp-content\/uploads\/sites\/397\/2021\/05\/logo-3.svg ,https:\/\/new.drfuturo.com\/wp-content\/uploads\/sites\/397\/2021\/05\/logo-3.svg 780w\" sizes=\"(max-width: 480px) 150px\" src=\"https:\/\/new.drfuturo.com\/wp-content\/uploads\/sites\/397\/2021\/05\/logo-3.svg\" alt=\"\" class=\"uag-image-106\" width=\"180\" height=\"100\" title=\"\" loading=\"lazy\" role=\"img\"\/><\/figure><\/div>\n\n\n\n<div class=\"wp-block-uagb-image alignleft uagb-block-858cb254 wp-block-uagb-image--layout-default wp-block-uagb-image--effect-static wp-block-uagb-image--align-left\"><figure class=\"wp-block-uagb-image__figure\"><img decoding=\"async\" srcset=\"https:\/\/new.drfuturo.com\/wp-content\/uploads\/sites\/397\/2021\/05\/logo-1.svg ,https:\/\/new.drfuturo.com\/wp-content\/uploads\/sites\/397\/2021\/05\/logo-1.svg 780w\" sizes=\"(max-width: 480px) 150px\" src=\"https:\/\/new.drfuturo.com\/wp-content\/uploads\/sites\/397\/2021\/05\/logo-1.svg\" alt=\"\" class=\"uag-image-104\" width=\"180\" height=\"100\" title=\"\" loading=\"lazy\" role=\"img\"\/><\/figure><\/div>\n<\/div><\/div>\n<\/div><\/div>\n\n\n\n<div class=\"wp-block-uagb-container uagb-block-05fd2311 alignfull uagb-is-root-container\"><div class=\"uagb-container-inner-blocks-wrap\">\n<div class=\"wp-block-uagb-info-box uagb-block-5f43401b uagb-infobox__content-wrap  uagb-infobox-icon-above-title uagb-infobox-image-valign-top wp-block-uagb-info-box--has-margin\"><div class=\"uagb-infobox-margin-wrapper\"><div class=\"uagb-ifb-content\"><div class=\"uagb-ifb-title-wrap\"><h2 class=\"uagb-ifb-title\">Supere seus obst\u00e1culos. Contrate Coaching Empresarial hoje mesmo!<\/h2><\/div><div class=\"uagb-ifb-button-wrapper wp-block-button\"><a href=\"#\" class=\"uagb-infobox-cta-link wp-block-button__link\" target=\"_self\" rel=\"noopener noreferrer\" onclick=\"return false;\"><span class=\"uagb-inline-editing\">consulta de livros<\/span><\/a><\/div><\/div><\/div><\/div>\n<\/div><\/div>","protected":false},"excerpt":{"rendered":"<p>We help teams build a business oftheir dreams with our services. Trusted by Leaders<\/p>","protected":false},"author":2,"featured_media":0,"parent":0,"menu_order":0,"comment_status":"closed","ping_status":"closed","template":"","meta":{"_uag_custom_page_level_css":"","site-sidebar-layout":"no-sidebar","site-content-layout":"plain-container","ast-site-content-layout":"normal-width-container","site-content-style":"unboxed","site-sidebar-style":"unboxed","ast-global-header-display":"","ast-banner-title-visibility":"","ast-main-header-display":"","ast-hfb-above-header-display":"","ast-hfb-below-header-display":"","ast-hfb-mobile-header-display":"","site-post-title":"disabled","ast-breadcrumbs-content":"","ast-featured-img":"","footer-sml-layout":"","theme-transparent-header-meta":"default","adv-header-id-meta":"","stick-header-meta":"","header-above-stick-meta":"","header-main-stick-meta":"","header-below-stick-meta":"","astra-migrate-meta-layouts":"set","ast-page-background-enabled":"default","ast-page-background-meta":{"desktop":{"background-color":"var(--ast-global-color-4)","background-image":"","background-repeat":"repeat","background-position":"center center","background-size":"auto","background-attachment":"scroll","background-type":"","background-media":"","overlay-type":"","overlay-color":"","overlay-opacity":"","overlay-gradient":""},"tablet":{"background-color":"","background-image":"","background-repeat":"repeat","background-position":"center center","background-size":"auto","background-attachment":"scroll","background-type":"","background-media":"","overlay-type":"","overlay-color":"","overlay-opacity":"","overlay-gradient":""},"mobile":{"background-color":"","background-image":"","background-repeat":"repeat","background-position":"center center","background-size":"auto","background-attachment":"scroll","background-type":"","background-media":"","overlay-type":"","overlay-color":"","overlay-opacity":"","overlay-gradient":""}},"ast-content-background-meta":{"desktop":{"background-color":"var(--ast-global-color-5)","background-image":"","background-repeat":"repeat","background-position":"center center","background-size":"auto","background-attachment":"scroll","background-type":"","background-media":"","overlay-type":"","overlay-color":"","overlay-opacity":"","overlay-gradient":""},"tablet":{"background-color":"var(--ast-global-color-5)","background-image":"","background-repeat":"repeat","background-position":"center center","background-size":"auto","background-attachment":"scroll","background-type":"","background-media":"","overlay-type":"","overlay-color":"","overlay-opacity":"","overlay-gradient":""},"mobile":{"background-color":"var(--ast-global-color-5)","background-image":"","background-repeat":"repeat","background-position":"center center","background-size":"auto","background-attachment":"scroll","background-type":"","background-media":"","overlay-type":"","overlay-color":"","overlay-opacity":"","overlay-gradient":""}},"footnotes":""},"yoast_head":"<!-- This site is optimized with the Yoast SEO plugin v23.3 - https:\/\/yoast.com\/wordpress\/plugins\/seo\/ -->\n<title>Home - DrFuturo<\/title>\n<meta name=\"robots\" content=\"index, follow, max-snippet:-1, max-image-preview:large, max-video-preview:-1\" \/>\n<link rel=\"canonical\" href=\"https:\/\/drfuturo.com\/pt\/home-2\/\" \/>\n<meta property=\"og:locale\" content=\"pt_BR\" \/>\n<meta property=\"og:type\" content=\"article\" \/>\n<meta property=\"og:title\" content=\"Home - DrFuturo\" \/>\n<meta property=\"og:description\" content=\"We help teams build a business oftheir dreams with our services. Trusted by Leaders\" \/>\n<meta property=\"og:url\" content=\"https:\/\/drfuturo.com\/pt\/home-2\/\" \/>\n<meta property=\"og:site_name\" content=\"DrFuturo\" \/>\n<meta property=\"article:modified_time\" content=\"2025-06-18T12:39:31+00:00\" \/>\n<meta property=\"og:image\" content=\"http:\/\/new.drfuturo.com\/wp-content\/uploads\/sites\/397\/2021\/05\/home-about-img.jpg\" \/>\n<meta name=\"twitter:card\" content=\"summary_large_image\" \/>\n<meta name=\"twitter:label1\" content=\"Est. reading time\" \/>\n\t<meta name=\"twitter:data1\" content=\"3 minutos\" \/>\n<script type=\"application\/ld+json\" class=\"yoast-schema-graph\">{\"@context\":\"https:\/\/schema.org\",\"@graph\":[{\"@type\":\"WebPage\",\"@id\":\"https:\/\/drfuturo.com\/es\/home-2\/\",\"url\":\"https:\/\/drfuturo.com\/es\/home-2\/\",\"name\":\"Home - DrFuturo\",\"isPartOf\":{\"@id\":\"https:\/\/drfuturo.com\/#website\"},\"primaryImageOfPage\":{\"@id\":\"https:\/\/drfuturo.com\/es\/home-2\/#primaryimage\"},\"image\":{\"@id\":\"https:\/\/drfuturo.com\/es\/home-2\/#primaryimage\"},\"thumbnailUrl\":\"http:\/\/new.drfuturo.com\/wp-content\/uploads\/sites\/397\/2021\/05\/home-about-img.jpg\",\"datePublished\":\"2025-06-18T12:39:27+00:00\",\"dateModified\":\"2025-06-18T12:39:31+00:00\",\"breadcrumb\":{\"@id\":\"https:\/\/drfuturo.com\/es\/home-2\/#breadcrumb\"},\"inLanguage\":\"pt-BR\",\"potentialAction\":[{\"@type\":\"ReadAction\",\"target\":[\"https:\/\/drfuturo.com\/es\/home-2\/\"]}]},{\"@type\":\"ImageObject\",\"inLanguage\":\"pt-BR\",\"@id\":\"https:\/\/drfuturo.com\/es\/home-2\/#primaryimage\",\"url\":\"http:\/\/new.drfuturo.com\/wp-content\/uploads\/sites\/397\/2021\/05\/home-about-img.jpg\",\"contentUrl\":\"http:\/\/new.drfuturo.com\/wp-content\/uploads\/sites\/397\/2021\/05\/home-about-img.jpg\"},{\"@type\":\"BreadcrumbList\",\"@id\":\"https:\/\/drfuturo.com\/es\/home-2\/#breadcrumb\",\"itemListElement\":[{\"@type\":\"ListItem\",\"position\":1,\"name\":\"Home\",\"item\":\"https:\/\/drfuturo.com\/\"},{\"@type\":\"ListItem\",\"position\":2,\"name\":\"Home\"}]},{\"@type\":\"WebSite\",\"@id\":\"https:\/\/drfuturo.com\/#website\",\"url\":\"https:\/\/drfuturo.com\/\",\"name\":\"DrFuturo\",\"description\":\"\",\"publisher\":{\"@id\":\"https:\/\/drfuturo.com\/#organization\"},\"potentialAction\":[{\"@type\":\"SearchAction\",\"target\":{\"@type\":\"EntryPoint\",\"urlTemplate\":\"https:\/\/drfuturo.com\/?s={search_term_string}\"},\"query-input\":\"required name=search_term_string\"}],\"inLanguage\":\"pt-BR\"},{\"@type\":\"Organization\",\"@id\":\"https:\/\/drfuturo.com\/#organization\",\"name\":\"DrFuturo\",\"url\":\"https:\/\/drfuturo.com\/\",\"logo\":{\"@type\":\"ImageObject\",\"inLanguage\":\"pt-BR\",\"@id\":\"https:\/\/drfuturo.com\/#\/schema\/logo\/image\/\",\"url\":\"https:\/\/drfuturo.com\/wp-content\/uploads\/sites\/397\/2025\/07\/Logodr-.svg\",\"contentUrl\":\"https:\/\/drfuturo.com\/wp-content\/uploads\/sites\/397\/2025\/07\/Logodr-.svg\",\"caption\":\"DrFuturo\"},\"image\":{\"@id\":\"https:\/\/drfuturo.com\/#\/schema\/logo\/image\/\"}}]}<\/script>\n<!-- \/ Yoast SEO plugin. -->","yoast_head_json":{"title":"Home - DrFuturo","robots":{"index":"index","follow":"follow","max-snippet":"max-snippet:-1","max-image-preview":"max-image-preview:large","max-video-preview":"max-video-preview:-1"},"canonical":"https:\/\/drfuturo.com\/pt\/home-2\/","og_locale":"pt_BR","og_type":"article","og_title":"Home - DrFuturo","og_description":"We help teams build a business oftheir dreams with our services. Trusted by Leaders","og_url":"https:\/\/drfuturo.com\/pt\/home-2\/","og_site_name":"DrFuturo","article_modified_time":"2025-06-18T12:39:31+00:00","og_image":[{"url":"http:\/\/new.drfuturo.com\/wp-content\/uploads\/sites\/397\/2021\/05\/home-about-img.jpg"}],"twitter_card":"summary_large_image","twitter_misc":{"Est. reading time":"3 minutos"},"schema":{"@context":"https:\/\/schema.org","@graph":[{"@type":"WebPage","@id":"https:\/\/drfuturo.com\/es\/home-2\/","url":"https:\/\/drfuturo.com\/es\/home-2\/","name":"Home - DrFuturo","isPartOf":{"@id":"https:\/\/drfuturo.com\/#website"},"primaryImageOfPage":{"@id":"https:\/\/drfuturo.com\/es\/home-2\/#primaryimage"},"image":{"@id":"https:\/\/drfuturo.com\/es\/home-2\/#primaryimage"},"thumbnailUrl":"http:\/\/new.drfuturo.com\/wp-content\/uploads\/sites\/397\/2021\/05\/home-about-img.jpg","datePublished":"2025-06-18T12:39:27+00:00","dateModified":"2025-06-18T12:39:31+00:00","breadcrumb":{"@id":"https:\/\/drfuturo.com\/es\/home-2\/#breadcrumb"},"inLanguage":"pt-BR","potentialAction":[{"@type":"ReadAction","target":["https:\/\/drfuturo.com\/es\/home-2\/"]}]},{"@type":"ImageObject","inLanguage":"pt-BR","@id":"https:\/\/drfuturo.com\/es\/home-2\/#primaryimage","url":"http:\/\/new.drfuturo.com\/wp-content\/uploads\/sites\/397\/2021\/05\/home-about-img.jpg","contentUrl":"http:\/\/new.drfuturo.com\/wp-content\/uploads\/sites\/397\/2021\/05\/home-about-img.jpg"},{"@type":"BreadcrumbList","@id":"https:\/\/drfuturo.com\/es\/home-2\/#breadcrumb","itemListElement":[{"@type":"ListItem","position":1,"name":"Home","item":"https:\/\/drfuturo.com\/"},{"@type":"ListItem","position":2,"name":"Home"}]},{"@type":"WebSite","@id":"https:\/\/drfuturo.com\/#website","url":"https:\/\/drfuturo.com\/","name":"DrFuturo","description":"","publisher":{"@id":"https:\/\/drfuturo.com\/#organization"},"potentialAction":[{"@type":"SearchAction","target":{"@type":"EntryPoint","urlTemplate":"https:\/\/drfuturo.com\/?s={search_term_string}"},"query-input":"required name=search_term_string"}],"inLanguage":"pt-BR"},{"@type":"Organization","@id":"https:\/\/drfuturo.com\/#organization","name":"DrFuturo","url":"https:\/\/drfuturo.com\/","logo":{"@type":"ImageObject","inLanguage":"pt-BR","@id":"https:\/\/drfuturo.com\/#\/schema\/logo\/image\/","url":"https:\/\/drfuturo.com\/wp-content\/uploads\/sites\/397\/2025\/07\/Logodr-.svg","contentUrl":"https:\/\/drfuturo.com\/wp-content\/uploads\/sites\/397\/2025\/07\/Logodr-.svg","caption":"DrFuturo"},"image":{"@id":"https:\/\/drfuturo.com\/#\/schema\/logo\/image\/"}}]}},"uagb_featured_image_src":{"full":false,"thumbnail":false,"medium":false,"medium_large":false,"large":false,"1536x1536":false,"2048x2048":false,"trp-custom-language-flag":false},"uagb_author_info":{"display_name":"lcgianni","author_link":"https:\/\/drfuturo.com\/pt\/author\/lcgianni\/"},"uagb_comment_info":0,"uagb_excerpt":"We help teams build a business oftheir dreams with our services. Trusted by Leaders","_links":{"self":[{"href":"https:\/\/drfuturo.com\/pt\/wp-json\/wp\/v2\/pages\/429"}],"collection":[{"href":"https:\/\/drfuturo.com\/pt\/wp-json\/wp\/v2\/pages"}],"about":[{"href":"https:\/\/drfuturo.com\/pt\/wp-json\/wp\/v2\/types\/page"}],"author":[{"embeddable":true,"href":"https:\/\/drfuturo.com\/pt\/wp-json\/wp\/v2\/users\/2"}],"replies":[{"embeddable":true,"href":"https:\/\/drfuturo.com\/pt\/wp-json\/wp\/v2\/comments?post=429"}],"version-history":[{"count":2,"href":"https:\/\/drfuturo.com\/pt\/wp-json\/wp\/v2\/pages\/429\/revisions"}],"predecessor-version":[{"id":14208,"href":"https:\/\/drfuturo.com\/pt\/wp-json\/wp\/v2\/pages\/429\/revisions\/14208"}],"wp:attachment":[{"href":"https:\/\/drfuturo.com\/pt\/wp-json\/wp\/v2\/media?parent=429"}],"curies":[{"name":"wp","href":"https:\/\/api.w.org\/{rel}","templated":true}]}}