{"id":669,"date":"2025-07-02T23:42:09","date_gmt":"2025-07-02T23:42:09","guid":{"rendered":"https:\/\/drfuturo.com\/?page_id=669"},"modified":"2025-07-02T23:42:11","modified_gmt":"2025-07-02T23:42:11","slug":"about","status":"publish","type":"page","link":"https:\/\/drfuturo.com\/pt\/about\/","title":{"rendered":"Sobre"},"content":{"rendered":"<p><strong><br><\/strong>O DrFuturo existe para leitores que gostam de usar aplicativos m\u00f3veis para organizar a vida, explorar ideias e se divertir um pouco ao mesmo tempo. A tecnologia evolui rapidamente e novos aplicativos surgem todos os dias, mas orienta\u00e7\u00f5es confi\u00e1veis podem parecer escassas. \u00c9 a\u00ed que entramos. Nossa pequena equipe de escritores e pesquisadores acompanha as atualiza\u00e7\u00f5es do setor, explora novos lan\u00e7amentos e revisita os favoritos j\u00e1 estabelecidos. Testamos recursos, lemos o feedback dos usu\u00e1rios e comparamos os benef\u00edcios pr\u00e1ticos para que os visitantes possam decidir o que deve ter em seus celulares sem precisar se preocupar com argumentos de vendas.<\/p>\n\n\n\n<p>Nos preocupamos com a utilidade acima do hype. Voc\u00ea n\u00e3o encontrar\u00e1 recomenda\u00e7\u00f5es pagas disfar\u00e7adas de artigos ou an\u00fancios ocultos em uma lista de &quot;Top 10&quot;. Quando mencionamos um aplicativo, \u00e9 porque os recursos nos impressionaram durante o uso pr\u00e1tico, a documenta\u00e7\u00e3o p\u00fablica corroborou as alega\u00e7\u00f5es e as avalia\u00e7\u00f5es da comunidade confirmaram o valor a longo prazo. Ao focar em explica\u00e7\u00f5es diretas em vez de jarg\u00f5es t\u00e9cnicos, nosso objetivo \u00e9 atender tanto iniciantes que est\u00e3o descobrindo sua primeira ferramenta de produtividade quanto entusiastas em busca de editores de fotos avan\u00e7ados.<\/p>\n\n\n\n<p>A curiosidade alimenta o nosso trabalho. O DrFuturo aborda temas que v\u00e3o desde rastreadores de bem-estar e ferramentas de or\u00e7amento a cursos de idiomas imersivos e jogos independentes. O ponto em comum \u00e9 o benef\u00edcio pr\u00e1tico. Se um aplicativo simplifica tarefas dom\u00e9sticas, incentiva h\u00e1bitos saud\u00e1veis ou desperta a criatividade, ele ganha um lugar no nosso radar. Os leitores v\u00eam at\u00e9 n\u00f3s para aprender, comparar e selecionar com a confian\u00e7a de que as informa\u00e7\u00f5es s\u00e3o independentes e completas.<\/p>\n\n\n\n<h2 class=\"wp-block-heading\">O que fazemos<\/h2>\n\n\n\n<p>Nosso processo come\u00e7a com uma pergunta simples: &quot;Este aplicativo realmente melhora a vida cotidiana?&quot;. A partir da\u00ed, detalhamos cada produto em linguagem simples, destacando pontos essenciais como:<\/p>\n\n\n\n<ul>\n<li><strong>Funcionalidade principal \u2013<\/strong> O que o aplicativo realmente realiza e por que isso pode ser importante para voc\u00ea.<\/li>\n\n\n\n<li><strong>Facilidade de uso \u2013<\/strong> Design de interface, experi\u00eancia de integra\u00e7\u00e3o e curva de aprendizado.<\/li>\n\n\n\n<li><strong>Privacidade e Seguran\u00e7a \u2013<\/strong> Permiss\u00f5es de dados, padr\u00f5es de criptografia e transpar\u00eancia para desenvolvedores.<\/li>\n\n\n\n<li><strong>Estrutura de custos \u2013<\/strong> N\u00edveis gratuitos, n\u00edveis de assinatura e taxas ocultas que podem aparecer ap\u00f3s o t\u00e9rmino de um teste.<\/li>\n\n\n\n<li><strong>Longevidade \u2013<\/strong> Frequ\u00eancia de atualiza\u00e7\u00e3o, envolvimento da comunidade e suporte ao desenvolvedor.<\/li>\n<\/ul>\n\n\n\n<p>Cada avalia\u00e7\u00e3o segue a mesma estrutura para que os leitores possam comparar aplicativos semelhantes lado a lado. Complementamos as avalia\u00e7\u00f5es individuais com guias tem\u00e1ticos, como &quot;Mantendo a produtividade com or\u00e7amento limitado&quot; ou &quot;Mantendo as crian\u00e7as entretidas em viagens de carro&quot;, conectando diferentes categorias sem limitar a discuss\u00e3o a lan\u00e7amentos recentes. Os artigos v\u00eam acompanhados de capturas de tela, listas de verifica\u00e7\u00e3o de recursos e dicas de in\u00edcio r\u00e1pido para que os visitantes possam agir imediatamente, em vez de adicionar aos favoritos e esquecer.<\/p>\n\n\n\n<p>Tamb\u00e9m mantemos uma biblioteca de recursos pr\u00e1ticos. Esses artigos passo a passo mostram aos leitores como proteger dados pessoais, solucionar problemas comuns de instala\u00e7\u00e3o e personalizar configura\u00e7\u00f5es que muitos usu\u00e1rios n\u00e3o percebem. O objetivo \u00e9 o empoderamento \u2014 dando aos visitantes o conhecimento necess\u00e1rio para adaptar cada download ao seu estilo de vida.<\/p>\n\n\n\n<h2 class=\"wp-block-heading\">Princ\u00edpios Editoriais e Independ\u00eancia<\/h2>\n\n\n\n<p>A transpar\u00eancia norteia todas as decis\u00f5es na DrFuturo. N\u00e3o vendemos aplicativos, oferecemos downloads diretos ou participamos de programas de afiliados que possam influenciar nossas recomenda\u00e7\u00f5es. A receita prov\u00e9m exclusivamente de publicidade gr\u00e1fica n\u00e3o invasiva, que permanece separada das decis\u00f5es editoriais. Quando um desenvolvedor fornece acesso antecipado a recursos profissionais, n\u00f3s o divulgamos. Quando um aplicativo \u00e9 atualizado ap\u00f3s a publica\u00e7\u00e3o, revisitamos o artigo para verificar se as conclus\u00f5es anteriores ainda se aplicam.<\/p>\n\n\n\n<p>A precis\u00e3o importa tanto quanto a independ\u00eancia. Cada artigo passa por v\u00e1rias rodadas de verifica\u00e7\u00e3o de fatos e revis\u00e3o por pares. Cruzamos refer\u00eancias a notas oficiais de desenvolvedores, auditorias de seguran\u00e7a p\u00fablica e f\u00f3runs de usu\u00e1rios respeit\u00e1veis. As fontes aparecem no artigo para que os leitores possam se aprofundar, se desejarem.<\/p>\n\n\n\n<p>O feedback nos mant\u00e9m respons\u00e1veis. Um formul\u00e1rio de contato dedicado convida os leitores a compartilhar corre\u00e7\u00f5es, sugerir t\u00f3picos ou relatar informa\u00e7\u00f5es desatualizadas. Tratamos cada mensagem como uma oportunidade de melhoria. Se um erro passar despercebido, atualizamos o conte\u00fado e adicionamos uma nota explicando a altera\u00e7\u00e3o, preservando a confian\u00e7a no processo.<\/p>\n\n\n\n<h2 class=\"wp-block-heading\">Isen\u00e7\u00e3o de responsabilidade legal<\/h2>\n\n\n\n<p>DrFuturo \u00e9 uma plataforma informativa, n\u00e3o um fornecedor, varejista ou distribuidor de software. N\u00e3o hospedamos arquivos de aplicativos, n\u00e3o fornecemos mirrors para download nem aceitamos pagamento pela apresenta\u00e7\u00e3o de qualquer produto. Todos os nomes de marcas registradas, logotipos e capturas de tela pertencem aos seus respectivos propriet\u00e1rios e aparecem aqui sob os princ\u00edpios de uso justo com o \u00fanico objetivo de coment\u00e1rio e educa\u00e7\u00e3o.<\/p>\n\n\n\n<p>O material neste site \u00e9 oferecido &quot;no estado em que se encontra&quot; para uso informativo geral. Embora busquemos a precis\u00e3o, n\u00e3o podemos garantir que todos os detalhes permane\u00e7am atualizados em um mercado em r\u00e1pida evolu\u00e7\u00e3o. Os leitores s\u00e3o totalmente respons\u00e1veis por verificar os n\u00fameros de vers\u00e3o, a disponibilidade regional, a compatibilidade dos dispositivos, as taxas de assinatura e as pol\u00edticas de privacidade antes de instalar qualquer software aqui mencionado. O DrFuturo e seus colaboradores n\u00e3o se responsabilizam por danos diretos, indiretos, incidentais ou consequenciais decorrentes do uso, uso indevido ou incapacidade de usar qualquer aplicativo, site ou servi\u00e7o referenciado.<\/p>\n\n\n\n<p>Ao continuar navegando no DrFuturo, voc\u00ea reconhece que todas as a\u00e7\u00f5es tomadas ap\u00f3s a leitura do nosso conte\u00fado, incluindo downloads, compras ou compartilhamento de dados, s\u00e3o de sua inteira responsabilidade. Se precisar de aconselhamento profissional sobre quest\u00f5es jur\u00eddicas, financeiras, m\u00e9dicas ou t\u00e9cnicas, consulte um especialista qualificado.<\/p>\n\n\n\n<p>Para perguntas adicionais sobre nossas pr\u00e1ticas editoriais, pol\u00edticas de publicidade ou tratamento de dados, visite o <a href=\"https:\/\/drfuturo.com\/pt\/contact\/\">p\u00e1gina de contato<\/a>. Continuamos comprometidos com a comunica\u00e7\u00e3o transparente e assist\u00eancia r\u00e1pida.<\/p>","protected":false},"excerpt":{"rendered":"<p>O DrFuturo existe para leitores que gostam de usar aplicativos m\u00f3veis para organizar a vida, explorar ideias e se divertir um pouco ao mesmo tempo. A tecnologia avan\u00e7a rapidamente e novos aplicativos surgem todos os dias, mas orienta\u00e7\u00f5es confi\u00e1veis podem parecer escassas. \u00c9 a\u00ed que entramos. Nossa pequena equipe de escritores e pesquisadores acompanha as atualiza\u00e7\u00f5es do setor, explora [\u2026]<\/p>","protected":false},"author":255,"featured_media":0,"parent":0,"menu_order":0,"comment_status":"closed","ping_status":"closed","template":"","meta":{"_uag_custom_page_level_css":"","site-sidebar-layout":"default","site-content-layout":"","ast-site-content-layout":"default","site-content-style":"default","site-sidebar-style":"default","ast-global-header-display":"","ast-banner-title-visibility":"","ast-main-header-display":"","ast-hfb-above-header-display":"","ast-hfb-below-header-display":"","ast-hfb-mobile-header-display":"","site-post-title":"","ast-breadcrumbs-content":"","ast-featured-img":"","footer-sml-layout":"","theme-transparent-header-meta":"","adv-header-id-meta":"","stick-header-meta":"","header-above-stick-meta":"","header-main-stick-meta":"","header-below-stick-meta":"","astra-migrate-meta-layouts":"set","ast-page-background-enabled":"default","ast-page-background-meta":{"desktop":{"background-color":"var(--ast-global-color-4)","background-image":"","background-repeat":"repeat","background-position":"center center","background-size":"auto","background-attachment":"scroll","background-type":"","background-media":"","overlay-type":"","overlay-color":"","overlay-opacity":"","overlay-gradient":""},"tablet":{"background-color":"","background-image":"","background-repeat":"repeat","background-position":"center center","background-size":"auto","background-attachment":"scroll","background-type":"","background-media":"","overlay-type":"","overlay-color":"","overlay-opacity":"","overlay-gradient":""},"mobile":{"background-color":"","background-image":"","background-repeat":"repeat","background-position":"center center","background-size":"auto","background-attachment":"scroll","background-type":"","background-media":"","overlay-type":"","overlay-color":"","overlay-opacity":"","overlay-gradient":""}},"ast-content-background-meta":{"desktop":{"background-color":"var(--ast-global-color-5)","background-image":"","background-repeat":"repeat","background-position":"center center","background-size":"auto","background-attachment":"scroll","background-type":"","background-media":"","overlay-type":"","overlay-color":"","overlay-opacity":"","overlay-gradient":""},"tablet":{"background-color":"var(--ast-global-color-5)","background-image":"","background-repeat":"repeat","background-position":"center center","background-size":"auto","background-attachment":"scroll","background-type":"","background-media":"","overlay-type":"","overlay-color":"","overlay-opacity":"","overlay-gradient":""},"mobile":{"background-color":"var(--ast-global-color-5)","background-image":"","background-repeat":"repeat","background-position":"center center","background-size":"auto","background-attachment":"scroll","background-type":"","background-media":"","overlay-type":"","overlay-color":"","overlay-opacity":"","overlay-gradient":""}},"footnotes":""},"yoast_head":"<!-- This site is optimized with the Yoast SEO plugin v23.3 - https:\/\/yoast.com\/wordpress\/plugins\/seo\/ -->\n<title>About - DrFuturo<\/title>\n<meta name=\"robots\" content=\"index, follow, max-snippet:-1, max-image-preview:large, max-video-preview:-1\" \/>\n<link rel=\"canonical\" href=\"https:\/\/drfuturo.com\/pt\/about\/\" \/>\n<meta property=\"og:locale\" content=\"pt_BR\" \/>\n<meta property=\"og:type\" content=\"article\" \/>\n<meta property=\"og:title\" content=\"About - DrFuturo\" \/>\n<meta property=\"og:description\" content=\"DrFuturo exists for readers who enjoy using mobile apps to organize life, explore ideas, and have a bit of fun along the way. Technology moves quickly, and fresh apps appear every day, but reliable guidance can feel scarce. That is where we step in. Our small team of writers and researchers tracks industry updates, explores [&hellip;]\" \/>\n<meta property=\"og:url\" content=\"https:\/\/drfuturo.com\/pt\/about\/\" \/>\n<meta property=\"og:site_name\" content=\"DrFuturo\" \/>\n<meta property=\"article:modified_time\" content=\"2025-07-02T23:42:11+00:00\" \/>\n<meta name=\"twitter:card\" content=\"summary_large_image\" \/>\n<meta name=\"twitter:label1\" content=\"Est. reading time\" \/>\n\t<meta name=\"twitter:data1\" content=\"4 minutos\" \/>\n<script type=\"application\/ld+json\" class=\"yoast-schema-graph\">{\"@context\":\"https:\/\/schema.org\",\"@graph\":[{\"@type\":\"WebPage\",\"@id\":\"https:\/\/drfuturo.com\/about\/\",\"url\":\"https:\/\/drfuturo.com\/about\/\",\"name\":\"About - DrFuturo\",\"isPartOf\":{\"@id\":\"https:\/\/drfuturo.com\/#website\"},\"datePublished\":\"2025-07-02T23:42:09+00:00\",\"dateModified\":\"2025-07-02T23:42:11+00:00\",\"breadcrumb\":{\"@id\":\"https:\/\/drfuturo.com\/about\/#breadcrumb\"},\"inLanguage\":\"pt-BR\",\"potentialAction\":[{\"@type\":\"ReadAction\",\"target\":[\"https:\/\/drfuturo.com\/about\/\"]}]},{\"@type\":\"BreadcrumbList\",\"@id\":\"https:\/\/drfuturo.com\/about\/#breadcrumb\",\"itemListElement\":[{\"@type\":\"ListItem\",\"position\":1,\"name\":\"Home\",\"item\":\"https:\/\/drfuturo.com\/\"},{\"@type\":\"ListItem\",\"position\":2,\"name\":\"About\"}]},{\"@type\":\"WebSite\",\"@id\":\"https:\/\/drfuturo.com\/#website\",\"url\":\"https:\/\/drfuturo.com\/\",\"name\":\"DrFuturo\",\"description\":\"\",\"publisher\":{\"@id\":\"https:\/\/drfuturo.com\/#organization\"},\"potentialAction\":[{\"@type\":\"SearchAction\",\"target\":{\"@type\":\"EntryPoint\",\"urlTemplate\":\"https:\/\/drfuturo.com\/?s={search_term_string}\"},\"query-input\":\"required name=search_term_string\"}],\"inLanguage\":\"pt-BR\"},{\"@type\":\"Organization\",\"@id\":\"https:\/\/drfuturo.com\/#organization\",\"name\":\"DrFuturo\",\"url\":\"https:\/\/drfuturo.com\/\",\"logo\":{\"@type\":\"ImageObject\",\"inLanguage\":\"pt-BR\",\"@id\":\"https:\/\/drfuturo.com\/#\/schema\/logo\/image\/\",\"url\":\"https:\/\/drfuturo.com\/wp-content\/uploads\/sites\/397\/2025\/07\/Logodr-.svg\",\"contentUrl\":\"https:\/\/drfuturo.com\/wp-content\/uploads\/sites\/397\/2025\/07\/Logodr-.svg\",\"caption\":\"DrFuturo\"},\"image\":{\"@id\":\"https:\/\/drfuturo.com\/#\/schema\/logo\/image\/\"}}]}<\/script>\n<!-- \/ Yoast SEO plugin. -->","yoast_head_json":{"title":"About - DrFuturo","robots":{"index":"index","follow":"follow","max-snippet":"max-snippet:-1","max-image-preview":"max-image-preview:large","max-video-preview":"max-video-preview:-1"},"canonical":"https:\/\/drfuturo.com\/pt\/about\/","og_locale":"pt_BR","og_type":"article","og_title":"About - DrFuturo","og_description":"DrFuturo exists for readers who enjoy using mobile apps to organize life, explore ideas, and have a bit of fun along the way. Technology moves quickly, and fresh apps appear every day, but reliable guidance can feel scarce. That is where we step in. Our small team of writers and researchers tracks industry updates, explores [&hellip;]","og_url":"https:\/\/drfuturo.com\/pt\/about\/","og_site_name":"DrFuturo","article_modified_time":"2025-07-02T23:42:11+00:00","twitter_card":"summary_large_image","twitter_misc":{"Est. reading time":"4 minutos"},"schema":{"@context":"https:\/\/schema.org","@graph":[{"@type":"WebPage","@id":"https:\/\/drfuturo.com\/about\/","url":"https:\/\/drfuturo.com\/about\/","name":"About - DrFuturo","isPartOf":{"@id":"https:\/\/drfuturo.com\/#website"},"datePublished":"2025-07-02T23:42:09+00:00","dateModified":"2025-07-02T23:42:11+00:00","breadcrumb":{"@id":"https:\/\/drfuturo.com\/about\/#breadcrumb"},"inLanguage":"pt-BR","potentialAction":[{"@type":"ReadAction","target":["https:\/\/drfuturo.com\/about\/"]}]},{"@type":"BreadcrumbList","@id":"https:\/\/drfuturo.com\/about\/#breadcrumb","itemListElement":[{"@type":"ListItem","position":1,"name":"Home","item":"https:\/\/drfuturo.com\/"},{"@type":"ListItem","position":2,"name":"About"}]},{"@type":"WebSite","@id":"https:\/\/drfuturo.com\/#website","url":"https:\/\/drfuturo.com\/","name":"DrFuturo","description":"","publisher":{"@id":"https:\/\/drfuturo.com\/#organization"},"potentialAction":[{"@type":"SearchAction","target":{"@type":"EntryPoint","urlTemplate":"https:\/\/drfuturo.com\/?s={search_term_string}"},"query-input":"required name=search_term_string"}],"inLanguage":"pt-BR"},{"@type":"Organization","@id":"https:\/\/drfuturo.com\/#organization","name":"DrFuturo","url":"https:\/\/drfuturo.com\/","logo":{"@type":"ImageObject","inLanguage":"pt-BR","@id":"https:\/\/drfuturo.com\/#\/schema\/logo\/image\/","url":"https:\/\/drfuturo.com\/wp-content\/uploads\/sites\/397\/2025\/07\/Logodr-.svg","contentUrl":"https:\/\/drfuturo.com\/wp-content\/uploads\/sites\/397\/2025\/07\/Logodr-.svg","caption":"DrFuturo"},"image":{"@id":"https:\/\/drfuturo.com\/#\/schema\/logo\/image\/"}}]}},"uagb_featured_image_src":{"full":false,"thumbnail":false,"medium":false,"medium_large":false,"large":false,"1536x1536":false,"2048x2048":false,"trp-custom-language-flag":false},"uagb_author_info":{"display_name":"cristiobaldissera","author_link":"https:\/\/drfuturo.com\/pt\/author\/cristiobaldissera\/"},"uagb_comment_info":0,"uagb_excerpt":"DrFuturo exists for readers who enjoy using mobile apps to organize life, explore ideas, and have a bit of fun along the way. Technology moves quickly, and fresh apps appear every day, but reliable guidance can feel scarce. That is where we step in. Our small team of writers and researchers tracks industry updates, explores&hellip;","_links":{"self":[{"href":"https:\/\/drfuturo.com\/pt\/wp-json\/wp\/v2\/pages\/669"}],"collection":[{"href":"https:\/\/drfuturo.com\/pt\/wp-json\/wp\/v2\/pages"}],"about":[{"href":"https:\/\/drfuturo.com\/pt\/wp-json\/wp\/v2\/types\/page"}],"author":[{"embeddable":true,"href":"https:\/\/drfuturo.com\/pt\/wp-json\/wp\/v2\/users\/255"}],"replies":[{"embeddable":true,"href":"https:\/\/drfuturo.com\/pt\/wp-json\/wp\/v2\/comments?post=669"}],"version-history":[{"count":1,"href":"https:\/\/drfuturo.com\/pt\/wp-json\/wp\/v2\/pages\/669\/revisions"}],"predecessor-version":[{"id":670,"href":"https:\/\/drfuturo.com\/pt\/wp-json\/wp\/v2\/pages\/669\/revisions\/670"}],"wp:attachment":[{"href":"https:\/\/drfuturo.com\/pt\/wp-json\/wp\/v2\/media?parent=669"}],"curies":[{"name":"wp","href":"https:\/\/api.w.org\/{rel}","templated":true}]}}